{"id":106,"date":"2021-08-30T12:48:12","date_gmt":"2021-08-30T09:48:12","guid":{"rendered":"https:\/\/et-opetus.fi\/kansalaisaloite\/?page_id=106"},"modified":"2021-08-30T13:19:55","modified_gmt":"2021-08-30T10:19:55","slug":"svenska","status":"publish","type":"page","link":"https:\/\/et-opetus.fi\/kansalaisaloite\/svenska\/","title":{"rendered":"P\u00e5 svenska"},"content":{"rendered":"\t\t<div data-elementor-type=\"wp-page\" data-elementor-id=\"106\" class=\"elementor elementor-106\" data-elementor-settings=\"[]\">\n\t\t\t\t\t\t\t<div class=\"elementor-section-wrap\">\n\t\t\t\t\t\t\t<section class=\"elementor-section elementor-top-section elementor-element elementor-element-46055dbf elementor-section-full_width elementor-section-height-default elementor-section-height-default\" data-id=\"46055dbf\" data-element_type=\"section\">\n\t\t\t\t\t\t<div class=\"elementor-container elementor-column-gap-default\">\n\t\t\t\t\t<div class=\"elementor-column elementor-col-100 elementor-top-column elementor-element elementor-element-34647bf6\" data-id=\"34647bf6\" data-element_type=\"column\">\n\t\t\t<div class=\"elementor-widget-wrap elementor-element-populated\">\n\t\t\t\t\t\t\t\t<div class=\"elementor-element elementor-element-478aa880 eael_simple_menu_hamburger_disable_selected_menu_no eael-simple-menu-hamburger-align-eael-simple-menu-hamburger-align-right elementor-widget elementor-widget-eael-simple-menu\" data-id=\"478aa880\" data-element_type=\"widget\" data-widget_type=\"eael-simple-menu.default\">\n\t\t\t\t<div class=\"elementor-widget-container\">\n\t\t\t<div data-indicator-class=\"fas fa-angle-down\" data-dropdown-indicator-class=\"fas fa-angle-down\" class=\"eael-simple-menu-container eael-simple-menu-align-right eael-simple-menu-dropdown-align-left preset-1\"><ul id=\"menu-paavalikko\" class=\"eael-simple-menu eael-simple-menu-dropdown-animate-to-top eael-simple-menu-indicator eael-simple-menu-horizontal\"><li id=\"menu-item-63\" class=\"menu-item menu-item-type-post_type menu-item-object-page menu-item-home menu-item-63\"><a href=\"https:\/\/et-opetus.fi\/kansalaisaloite\/\">Etusivu<\/a><\/li>\n<li id=\"menu-item-64\" class=\"menu-item menu-item-type-post_type menu-item-object-page menu-item-64\"><a href=\"https:\/\/et-opetus.fi\/kansalaisaloite\/lisatietoja\/\">Lis\u00e4tietoja<\/a><\/li>\n<li id=\"menu-item-108\" class=\"menu-item menu-item-type-post_type menu-item-object-page menu-item-108\"><a href=\"https:\/\/et-opetus.fi\/kansalaisaloite\/svenska\/\">P\u00e5 svenska<\/a><\/li>\n<li id=\"menu-item-148\" class=\"menu-item menu-item-type-custom menu-item-object-custom menu-item-148\"><a href=\"https:\/\/et-opetus.fi\/kansalaisaloite\/lisatietoja\/#MITEN-VOIN-AUTTAA\">Ole mukana<\/a><\/li>\n<\/ul><\/div>\t\t<\/div>\n\t\t\t\t<\/div>\n\t\t\t\t\t<\/div>\n\t\t<\/div>\n\t\t\t\t\t\t\t<\/div>\n\t\t<\/section>\n\t\t\t\t<section class=\"elementor-section elementor-top-section elementor-element elementor-element-8fec547 elementor-section-full_width elementor-section-height-full elementor-section-height-default elementor-section-items-middle\" data-id=\"8fec547\" data-element_type=\"section\" data-settings=\"{&quot;background_background&quot;:&quot;classic&quot;}\">\n\t\t\t\t\t\t<div class=\"elementor-container elementor-column-gap-default\">\n\t\t\t\t\t<div class=\"elementor-column elementor-col-100 elementor-top-column elementor-element elementor-element-4e8c26d\" data-id=\"4e8c26d\" data-element_type=\"column\">\n\t\t\t<div class=\"elementor-widget-wrap elementor-element-populated\">\n\t\t\t\t\t\t\t\t<div class=\"elementor-element elementor-element-89bf76e elementor-hidden-desktop elementor-widget elementor-widget-heading\" data-id=\"89bf76e\" data-element_type=\"widget\" data-widget_type=\"heading.default\">\n\t\t\t\t<div class=\"elementor-widget-container\">\n\t\t\t<h1 class=\"elementor-heading-title elementor-size-xl\">Till\u00e5ta studering av<br> livs\u00e5&shy;sk\u00e5dning&shy;skunskap<br>f\u00f6r alla<\/h1>\t\t<\/div>\n\t\t\t\t<\/div>\n\t\t\t\t<div class=\"elementor-element elementor-element-c9dbe4b elementor-hidden-tablet elementor-hidden-phone elementor-widget elementor-widget-heading\" data-id=\"c9dbe4b\" data-element_type=\"widget\" data-widget_type=\"heading.default\">\n\t\t\t\t<div class=\"elementor-widget-container\">\n\t\t\t<h1 class=\"elementor-heading-title elementor-size-xl\">Till\u00e5ta studering av<br> livs\u00e5sk\u00e5dningskunskap<br>f\u00f6r alla<\/h1>\t\t<\/div>\n\t\t\t\t<\/div>\n\t\t\t\t<div class=\"elementor-element elementor-element-5190d89 elementor-widget elementor-widget-spacer\" data-id=\"5190d89\" data-element_type=\"widget\" data-widget_type=\"spacer.default\">\n\t\t\t\t<div class=\"elementor-widget-container\">\n\t\t\t\t\t<div class=\"elementor-spacer\">\n\t\t\t<div class=\"elementor-spacer-inner\"><\/div>\n\t\t<\/div>\n\t\t\t\t<\/div>\n\t\t\t\t<\/div>\n\t\t\t\t<div class=\"elementor-element elementor-element-9fa315c elementor-hidden-tablet elementor-hidden-phone elementor-widget elementor-widget-heading\" data-id=\"9fa315c\" data-element_type=\"widget\" data-widget_type=\"heading.default\">\n\t\t\t\t<div class=\"elementor-widget-container\">\n\t\t\t<h1 class=\"elementor-heading-title elementor-size-xxl\"><a href=\"https:\/\/www.kansalaisaloite.fi\/sv\/aloite\/8860\">Underst\u00f6d<br>initiativ<\/a><\/h1>\t\t<\/div>\n\t\t\t\t<\/div>\n\t\t\t\t<div class=\"elementor-element elementor-element-9b361c0 elementor-hidden-desktop elementor-widget elementor-widget-heading\" data-id=\"9b361c0\" data-element_type=\"widget\" data-widget_type=\"heading.default\">\n\t\t\t\t<div class=\"elementor-widget-container\">\n\t\t\t<h1 class=\"elementor-heading-title elementor-size-xl\"><a href=\"https:\/\/www.kansalaisaloite.fi\/sv\/aloite\/8860\">Underst\u00f6d<br>initiativ<\/a><\/h1>\t\t<\/div>\n\t\t\t\t<\/div>\n\t\t\t\t\t<\/div>\n\t\t<\/div>\n\t\t\t\t\t\t\t<\/div>\n\t\t<\/section>\n\t\t\t\t<section class=\"elementor-section elementor-top-section elementor-element elementor-element-929b069 elementor-section-boxed elementor-section-height-default elementor-section-height-default\" data-id=\"929b069\" data-element_type=\"section\">\n\t\t\t\t\t\t<div class=\"elementor-container elementor-column-gap-default\">\n\t\t\t\t\t<div class=\"elementor-column elementor-col-100 elementor-top-column elementor-element elementor-element-65aaaea\" data-id=\"65aaaea\" data-element_type=\"column\">\n\t\t\t<div class=\"elementor-widget-wrap elementor-element-populated\">\n\t\t\t\t\t\t\t\t<div class=\"elementor-element elementor-element-e930503 elementor-widget elementor-widget-text-editor\" data-id=\"e930503\" data-element_type=\"widget\" data-widget_type=\"text-editor.default\">\n\t\t\t\t<div class=\"elementor-widget-container\">\n\t\t\t\t\t\t\t<h2><strong>Kansalaisaloite<\/strong><\/h2><p><strong>\u00a0<\/strong><\/p><p><strong>El\u00e4m\u00e4nkatsomustiedon opiskelu sallittava kaikille<br \/><\/strong><em>Ehdotus lainvalmisteluun ryhtymisest\u00e4<\/em><\/p><p><strong>\u00a0<\/strong><\/p><h2>Initiativets inneh\u00e5ll<\/h2><p>Syftet med medborgarinitiativet \u00e4r att m\u00f6jligg\u00f6ra studier av livs\u00e5sk\u00e5dningskunskap f\u00f6r alla i grundskolan och gymnasiet. Den<br \/>nuvarande lagen f\u00f6rhindrar studiet av livs\u00e5sk\u00e5dningskunskap fr\u00e5n medlemmar i den evangelisk lutherska och den ortodoxa kyrkan som \u00e4r\u00a0under 18 \u00e5r. Genom \u00e4ndringar av grundskole- och gymnasielagen \u00f6ppnas studiet av livs\u00e5sk\u00e5dningskunskap f\u00f6r alla.<\/p><p>\u00a0<\/p><p>\u00c4ven efter f\u00f6r\u00e4ndringen skulle v\u00e5rdnadshavarna v\u00e4lja vilken religion eller livs\u00e5sk\u00e5dningskunskap en grundskoleelev studerar, och i\u00a0gynmasit skulle valet g\u00f6ras av eleven sj\u00e4lv.<\/p><p>\u00a0<\/p><h2>Resonemang<\/h2><p>En lag\u00e4ndring skulle r\u00e4tta till en konstig asymmetri: f\u00f6r n\u00e4rvarande kan barn som inte tillh\u00f6r kyrkan delta i antingen religions-<br \/>eller livs\u00e5sk\u00e5dningskunskapsundervisning, men medlemmar i kyrkan f\u00e5r inte studera livs\u00e5sk\u00e5dningskunskap. Detta \u00e4r en j\u00e4mlikhetsfr\u00e5ga\u00a0mellan elever och studenter.<\/p><p>\u00a0<\/p><p>Bland annat har barnombudsmannen varit uppm\u00e4rksam om problem med den g\u00e4llande lagen. \u201dReglering \u00e4r kr\u00e4nkande f\u00f6r j\u00e4mlikhet och barns\u00a0r\u00e4ttigheter strider mot artikel 2 i avtalet\u201d, s\u00e4ger barnombudsmannen i den fyra\u00e5riga rapporten till parlamentet 2018.<\/p><p>\u00a0<\/p><p>Den nuvarande modellen har ocks\u00e5 kritiserats av till exempel Kommunernas f\u00f6rbund, Gymnasistf\u00f6rbund och J\u00e4mst\u00e4lldhetsombudsmannens\u00a0kontor.\u00a0<\/p><p><span style=\"color: var( --e-global-color-text ); font-family: var( --e-global-typography-text-font-family ), Sans-serif; font-weight: var( --e-global-typography-text-font-weight ); font-size: var(--global--font-size-base);\">\u00a0<\/span><\/p><p><span style=\"color: var( --e-global-color-text ); font-family: var( --e-global-typography-text-font-family ), Sans-serif; font-weight: var( --e-global-typography-text-font-weight ); font-size: var(--global--font-size-base);\">Det finns ett brett st\u00f6d f\u00f6r lag\u00e4ndringen. I en opinionsunders\u00f6kning av Taloustutkimus som genomf\u00f6rdes i augusti 2020 om att\u00a0<\/span><span style=\"color: var( --e-global-color-text ); font-family: var( --e-global-typography-text-font-family ), Sans-serif; font-weight: var( --e-global-typography-text-font-weight ); font-size: var(--global--font-size-base);\">\u00f6ppna livs\u00e5sk\u00e5dningskunskap f\u00f6r all, st\u00f6dde 79% av de tillfr\u00e5gade detta alternativ. Om ungdumarna var st\u00f6det 86%.\u00a0<\/span><span style=\"color: var( --e-global-color-text ); font-family: var( --e-global-typography-text-font-family ), Sans-serif; font-weight: var( --e-global-typography-text-font-weight ); font-size: var(--global--font-size-base);\">P\u00e5 samma s\u00e4tt fick\u00a0<\/span><span style=\"color: var( --e-global-color-text ); font-family: var( --e-global-typography-text-font-family ), Sans-serif; font-weight: var( --e-global-typography-text-font-weight ); font-size: var(--global--font-size-base);\">det st\u00f6d av majoriteten av anh\u00e4ngare i alla partier f\u00f6rutom KD.\u00a0<\/span><\/p><p><span style=\"color: var( --e-global-color-text ); font-family: var( --e-global-typography-text-font-family ), Sans-serif; font-weight: var( --e-global-typography-text-font-weight ); font-size: var(--global--font-size-base);\">\u00a0<\/span><\/p><p><span style=\"color: var( --e-global-color-text ); font-family: var( --e-global-typography-text-font-family ), Sans-serif; font-weight: var( --e-global-typography-text-font-weight ); font-size: var(--global--font-size-base);\">Lag\u00e4ndringen har dock inte registrerats i regeringsprogrammet, och fr\u00e5gan kan bara l\u00e4ggas fram f\u00f6r parlamentet genom ett\u00a0<\/span><span style=\"color: var( --e-global-color-text ); font-family: var( --e-global-typography-text-font-family ), Sans-serif; font-weight: var( --e-global-typography-text-font-weight ); font-size: var(--global--font-size-base);\">medborgarinitiativ.<\/span><\/p><p><span style=\"color: var( --e-global-color-text ); font-family: var( --e-global-typography-text-font-family ), Sans-serif; font-weight: var( --e-global-typography-text-font-weight ); font-size: var(--global--font-size-base);\">\u00a0<\/span><\/p><p>De n\u00f6dv\u00e4ndiga \u00e4ndringarna av grund- och gymnasielagen \u00e4r formellt sm\u00e5 och tekniskt enkla. F\u00f6r\u00e4ndringen kan genomf\u00f6ras snabbt, f\u00f6r\u00a0att de f\u00f6reslagna reformen kr\u00e4ver inga f\u00f6r\u00e4ndringar i \u00e4mnesf\u00f6rdelningen eller timantalet. Den nationella l\u00e4roplanerna beh\u00f6ver inte\u00a0heller \u00e4ndras. Nuvarande l\u00e4romedel fungerar ocks\u00e5.<\/p><p>\u00a0<\/p><p>Kostnadseffekten av reformen \u00e4r liten. Antalet studenter i livs\u00e5sk\u00e5dningskunskap skulle sannolikt \u00f6ka n\u00e5got, men utj\u00e4mningen mellan\u00a0storleken p\u00e5 undervisningsgrupperna skulle knappast introducera nya kostnader.<\/p>\t\t\t\t\t\t<\/div>\n\t\t\t\t<\/div>\n\t\t\t\t<div class=\"elementor-element elementor-element-5b997a1 elementor-align-center elementor-widget elementor-widget-button\" data-id=\"5b997a1\" data-element_type=\"widget\" data-widget_type=\"button.default\">\n\t\t\t\t<div class=\"elementor-widget-container\">\n\t\t\t\t\t<div class=\"elementor-button-wrapper\">\n\t\t\t<a href=\"https:\/\/www.kansalaisaloite.fi\/sv\/initiativ\/8860\" class=\"elementor-button-link elementor-button elementor-size-lg\" role=\"button\">\n\t\t\t\t\t\t<span class=\"elementor-button-content-wrapper\">\n\t\t\t\t\t\t<span class=\"elementor-button-icon elementor-align-icon-right\">\n\t\t\t\t<i aria-hidden=\"true\" class=\"fas fa-pencil-alt\"><\/i>\t\t\t<\/span>\n\t\t\t\t\t\t<span class=\"elementor-button-text\">Underst\u00f6d initiativ<\/span>\n\t\t<\/span>\n\t\t\t\t\t<\/a>\n\t\t<\/div>\n\t\t\t\t<\/div>\n\t\t\t\t<\/div>\n\t\t\t\t\t<\/div>\n\t\t<\/div>\n\t\t\t\t\t\t\t<\/div>\n\t\t<\/section>\n\t\t\t\t<section class=\"elementor-section elementor-top-section elementor-element elementor-element-c7b599b elementor-section-boxed elementor-section-height-default elementor-section-height-default\" data-id=\"c7b599b\" data-element_type=\"section\">\n\t\t\t\t\t\t<div class=\"elementor-container elementor-column-gap-default\">\n\t\t\t\t\t<div class=\"elementor-column elementor-col-100 elementor-top-column elementor-element elementor-element-c40ae85\" data-id=\"c40ae85\" data-element_type=\"column\">\n\t\t\t<div class=\"elementor-widget-wrap elementor-element-populated\">\n\t\t\t\t\t\t\t\t<div class=\"elementor-element elementor-element-881a871 elementor-widget elementor-widget-html\" data-id=\"881a871\" data-element_type=\"widget\" data-widget_type=\"html.default\">\n\t\t\t\t<div class=\"elementor-widget-container\">\n\t\t\t<iframe loading=\"lazy\" id=\"kansalaisaloite-leijuke\" frameborder=\"0\" scrolling=\"no\" src=\"https:\/\/www.kansalaisaloite.fi\/iframe\/sv\/8860?showTitle=true\" width=\"600\" height=\"400\"> <\/iframe>\t\t<\/div>\n\t\t\t\t<\/div>\n\t\t\t\t\t<\/div>\n\t\t<\/div>\n\t\t\t\t\t\t\t<\/div>\n\t\t<\/section>\n\t\t\t\t\t\t<\/div>\n\t\t\t\t\t<\/div>\n\t\t","protected":false},"excerpt":{"rendered":"<p>Etusivu Lis\u00e4tietoja P\u00e5 svenska Till\u00e5ta studering av livs\u00e5&shy;sk\u00e5dning&shy;skunskapf\u00f6r alla Till\u00e5ta studering av livs\u00e5sk\u00e5dningskunskapf\u00f6r alla Underst\u00f6dinitiativ Underst\u00f6dinitiativ Kansalaisaloite \u00a0 El\u00e4m\u00e4nkatsomustiedon opiskelu sallittava kaikilleEhdotus lainvalmisteluun ryhtymisest\u00e4 \u00a0 Initiativets inneh\u00e5ll Syftet med medborgarinitiativet \u00e4r att m\u00f6jligg\u00f6ra studier av livs\u00e5sk\u00e5dningskunskap f\u00f6r alla i grundskolan och gymnasiet. Dennuvarande lagen f\u00f6rhindrar studiet av livs\u00e5sk\u00e5dningskunskap fr\u00e5n medlemmar i den evangelisk lutherska och&hellip; <a class=\"more-link\" href=\"https:\/\/et-opetus.fi\/kansalaisaloite\/svenska\/\">Jatka lukemista <span class=\"screen-reader-text\">P\u00e5 svenska<\/span><\/a><\/p>\n","protected":false},"author":4,"featured_media":20,"parent":0,"menu_order":0,"comment_status":"closed","ping_status":"closed","template":"elementor_canvas","meta":{"footnotes":""},"yoast_head":"<!-- This site is optimized with the Yoast SEO plugin v17.0 - https:\/\/yoast.com\/wordpress\/plugins\/seo\/ -->\n<title>P\u00e5 svenska - ET-opetus sallittava<\/title>\n<meta name=\"description\" content=\"El\u00e4m\u00e4nkatsomustiedon opiskelu on sallittava kaikille peruskoulussa ja lukiossa. Nykyinen laki est\u00e4\u00e4 t\u00e4m\u00e4n alle 18-vuotiailta valtionkirkkojen j\u00e4senilt\u00e4...\" \/>\n<meta name=\"robots\" content=\"index, follow, max-snippet:-1, max-image-preview:large, max-video-preview:-1\" \/>\n<link rel=\"canonical\" href=\"https:\/\/et-opetus.fi\/kansalaisaloite\/svenska\/\" \/>\n<meta property=\"og:locale\" content=\"fi_FI\" \/>\n<meta property=\"og:type\" content=\"article\" \/>\n<meta property=\"og:title\" content=\"P\u00e5 svenska - ET-opetus sallittava\" \/>\n<meta property=\"og:description\" content=\"El\u00e4m\u00e4nkatsomustiedon opiskelu on sallittava kaikille peruskoulussa ja lukiossa. Nykyinen laki est\u00e4\u00e4 t\u00e4m\u00e4n alle 18-vuotiailta valtionkirkkojen j\u00e4senilt\u00e4...\" \/>\n<meta property=\"og:url\" content=\"https:\/\/et-opetus.fi\/kansalaisaloite\/svenska\/\" \/>\n<meta property=\"og:site_name\" content=\"ET-opetus sallittava\" \/>\n<meta property=\"article:modified_time\" content=\"2021-08-30T10:19:55+00:00\" \/>\n<meta property=\"og:image\" content=\"https:\/\/et-opetus.fi\/kansalaisaloite\/wp-content\/uploads\/2021\/08\/ben-white-qDY9ahp0Mto-unsplash-scaled.jpg\" \/>\n\t<meta property=\"og:image:width\" content=\"2560\" \/>\n\t<meta property=\"og:image:height\" content=\"1709\" \/>\n<meta name=\"twitter:card\" content=\"summary_large_image\" \/>\n<meta name=\"twitter:label1\" content=\"Arvioitu lukuaika\" \/>\n\t<meta name=\"twitter:data1\" content=\"2 minuuttia\" \/>\n<script type=\"application\/ld+json\" class=\"yoast-schema-graph\">{\"@context\":\"https:\/\/schema.org\",\"@graph\":[{\"@type\":\"WebSite\",\"@id\":\"https:\/\/et-opetus.fi\/kansalaisaloite\/#website\",\"url\":\"https:\/\/et-opetus.fi\/kansalaisaloite\/\",\"name\":\"ET-opetus sallittava\",\"description\":\"Kansalaisaloite ET:n sallimiseksi my\\u00f6s kirkon j\\u00e4senille\",\"potentialAction\":[{\"@type\":\"SearchAction\",\"target\":{\"@type\":\"EntryPoint\",\"urlTemplate\":\"https:\/\/et-opetus.fi\/kansalaisaloite\/?s={search_term_string}\"},\"query-input\":\"required name=search_term_string\"}],\"inLanguage\":\"fi\"},{\"@type\":\"ImageObject\",\"@id\":\"https:\/\/et-opetus.fi\/kansalaisaloite\/svenska\/#primaryimage\",\"inLanguage\":\"fi\",\"url\":\"https:\/\/et-opetus.fi\/kansalaisaloite\/wp-content\/uploads\/2021\/08\/ben-white-qDY9ahp0Mto-unsplash-scaled.jpg\",\"contentUrl\":\"https:\/\/et-opetus.fi\/kansalaisaloite\/wp-content\/uploads\/2021\/08\/ben-white-qDY9ahp0Mto-unsplash-scaled.jpg\",\"width\":2560,\"height\":1709},{\"@type\":\"WebPage\",\"@id\":\"https:\/\/et-opetus.fi\/kansalaisaloite\/svenska\/#webpage\",\"url\":\"https:\/\/et-opetus.fi\/kansalaisaloite\/svenska\/\",\"name\":\"P\\u00e5 svenska - ET-opetus sallittava\",\"isPartOf\":{\"@id\":\"https:\/\/et-opetus.fi\/kansalaisaloite\/#website\"},\"primaryImageOfPage\":{\"@id\":\"https:\/\/et-opetus.fi\/kansalaisaloite\/svenska\/#primaryimage\"},\"datePublished\":\"2021-08-30T09:48:12+00:00\",\"dateModified\":\"2021-08-30T10:19:55+00:00\",\"description\":\"El\\u00e4m\\u00e4nkatsomustiedon opiskelu on sallittava kaikille peruskoulussa ja lukiossa. Nykyinen laki est\\u00e4\\u00e4 t\\u00e4m\\u00e4n alle 18-vuotiailta valtionkirkkojen j\\u00e4senilt\\u00e4...\",\"breadcrumb\":{\"@id\":\"https:\/\/et-opetus.fi\/kansalaisaloite\/svenska\/#breadcrumb\"},\"inLanguage\":\"fi\",\"potentialAction\":[{\"@type\":\"ReadAction\",\"target\":[\"https:\/\/et-opetus.fi\/kansalaisaloite\/svenska\/\"]}]},{\"@type\":\"BreadcrumbList\",\"@id\":\"https:\/\/et-opetus.fi\/kansalaisaloite\/svenska\/#breadcrumb\",\"itemListElement\":[{\"@type\":\"ListItem\",\"position\":1,\"name\":\"Etusivu\",\"item\":\"https:\/\/et-opetus.fi\/kansalaisaloite\/\"},{\"@type\":\"ListItem\",\"position\":2,\"name\":\"P\\u00e5 svenska\"}]}]}<\/script>\n<!-- \/ Yoast SEO plugin. -->","yoast_head_json":{"title":"P\u00e5 svenska - ET-opetus sallittava","description":"El\u00e4m\u00e4nkatsomustiedon opiskelu on sallittava kaikille peruskoulussa ja lukiossa. Nykyinen laki est\u00e4\u00e4 t\u00e4m\u00e4n alle 18-vuotiailta valtionkirkkojen j\u00e4senilt\u00e4...","robots":{"index":"index","follow":"follow","max-snippet":"max-snippet:-1","max-image-preview":"max-image-preview:large","max-video-preview":"max-video-preview:-1"},"canonical":"https:\/\/et-opetus.fi\/kansalaisaloite\/svenska\/","og_locale":"fi_FI","og_type":"article","og_title":"P\u00e5 svenska - ET-opetus sallittava","og_description":"El\u00e4m\u00e4nkatsomustiedon opiskelu on sallittava kaikille peruskoulussa ja lukiossa. Nykyinen laki est\u00e4\u00e4 t\u00e4m\u00e4n alle 18-vuotiailta valtionkirkkojen j\u00e4senilt\u00e4...","og_url":"https:\/\/et-opetus.fi\/kansalaisaloite\/svenska\/","og_site_name":"ET-opetus sallittava","article_modified_time":"2021-08-30T10:19:55+00:00","og_image":[{"width":2560,"height":1709,"url":"https:\/\/et-opetus.fi\/kansalaisaloite\/wp-content\/uploads\/2021\/08\/ben-white-qDY9ahp0Mto-unsplash-scaled.jpg","path":"\/www\/etaloite\/wordpress\/wp-content\/uploads\/2021\/08\/ben-white-qDY9ahp0Mto-unsplash-scaled.jpg","size":"full","id":20,"alt":"","pixels":4375040,"type":"image\/jpeg"}],"twitter_card":"summary_large_image","twitter_misc":{"Arvioitu lukuaika":"2 minuuttia"},"schema":{"@context":"https:\/\/schema.org","@graph":[{"@type":"WebSite","@id":"https:\/\/et-opetus.fi\/kansalaisaloite\/#website","url":"https:\/\/et-opetus.fi\/kansalaisaloite\/","name":"ET-opetus sallittava","description":"Kansalaisaloite ET:n sallimiseksi my\u00f6s kirkon j\u00e4senille","potentialAction":[{"@type":"SearchAction","target":{"@type":"EntryPoint","urlTemplate":"https:\/\/et-opetus.fi\/kansalaisaloite\/?s={search_term_string}"},"query-input":"required name=search_term_string"}],"inLanguage":"fi"},{"@type":"ImageObject","@id":"https:\/\/et-opetus.fi\/kansalaisaloite\/svenska\/#primaryimage","inLanguage":"fi","url":"https:\/\/et-opetus.fi\/kansalaisaloite\/wp-content\/uploads\/2021\/08\/ben-white-qDY9ahp0Mto-unsplash-scaled.jpg","contentUrl":"https:\/\/et-opetus.fi\/kansalaisaloite\/wp-content\/uploads\/2021\/08\/ben-white-qDY9ahp0Mto-unsplash-scaled.jpg","width":2560,"height":1709},{"@type":"WebPage","@id":"https:\/\/et-opetus.fi\/kansalaisaloite\/svenska\/#webpage","url":"https:\/\/et-opetus.fi\/kansalaisaloite\/svenska\/","name":"P\u00e5 svenska - ET-opetus sallittava","isPartOf":{"@id":"https:\/\/et-opetus.fi\/kansalaisaloite\/#website"},"primaryImageOfPage":{"@id":"https:\/\/et-opetus.fi\/kansalaisaloite\/svenska\/#primaryimage"},"datePublished":"2021-08-30T09:48:12+00:00","dateModified":"2021-08-30T10:19:55+00:00","description":"El\u00e4m\u00e4nkatsomustiedon opiskelu on sallittava kaikille peruskoulussa ja lukiossa. Nykyinen laki est\u00e4\u00e4 t\u00e4m\u00e4n alle 18-vuotiailta valtionkirkkojen j\u00e4senilt\u00e4...","breadcrumb":{"@id":"https:\/\/et-opetus.fi\/kansalaisaloite\/svenska\/#breadcrumb"},"inLanguage":"fi","potentialAction":[{"@type":"ReadAction","target":["https:\/\/et-opetus.fi\/kansalaisaloite\/svenska\/"]}]},{"@type":"BreadcrumbList","@id":"https:\/\/et-opetus.fi\/kansalaisaloite\/svenska\/#breadcrumb","itemListElement":[{"@type":"ListItem","position":1,"name":"Etusivu","item":"https:\/\/et-opetus.fi\/kansalaisaloite\/"},{"@type":"ListItem","position":2,"name":"P\u00e5 svenska"}]}]}},"_links":{"self":[{"href":"https:\/\/et-opetus.fi\/kansalaisaloite\/wp-json\/wp\/v2\/pages\/106"}],"collection":[{"href":"https:\/\/et-opetus.fi\/kansalaisaloite\/wp-json\/wp\/v2\/pages"}],"about":[{"href":"https:\/\/et-opetus.fi\/kansalaisaloite\/wp-json\/wp\/v2\/types\/page"}],"author":[{"embeddable":true,"href":"https:\/\/et-opetus.fi\/kansalaisaloite\/wp-json\/wp\/v2\/users\/4"}],"replies":[{"embeddable":true,"href":"https:\/\/et-opetus.fi\/kansalaisaloite\/wp-json\/wp\/v2\/comments?post=106"}],"version-history":[{"count":16,"href":"https:\/\/et-opetus.fi\/kansalaisaloite\/wp-json\/wp\/v2\/pages\/106\/revisions"}],"predecessor-version":[{"id":123,"href":"https:\/\/et-opetus.fi\/kansalaisaloite\/wp-json\/wp\/v2\/pages\/106\/revisions\/123"}],"wp:featuredmedia":[{"embeddable":true,"href":"https:\/\/et-opetus.fi\/kansalaisaloite\/wp-json\/wp\/v2\/media\/20"}],"wp:attachment":[{"href":"https:\/\/et-opetus.fi\/kansalaisaloite\/wp-json\/wp\/v2\/media?parent=106"}],"curies":[{"name":"wp","href":"https:\/\/api.w.org\/{rel}","templated":true}]}}