{"id":14,"date":"2021-08-06T13:46:17","date_gmt":"2021-08-06T10:46:17","guid":{"rendered":"https:\/\/et-opetus.fi\/kansalaisaloite\/?page_id=14"},"modified":"2021-09-27T13:40:45","modified_gmt":"2021-09-27T10:40:45","slug":"kansalaisaloite-elamankatsomustiedon-opiskelun-sallimiseksi-myos-kirkon-jasenille","status":"publish","type":"page","link":"https:\/\/et-opetus.fi\/kansalaisaloite\/","title":{"rendered":"Kansalaisaloite el\u00e4m\u00e4nkatsomustiedon opiskelun sallimiseksi my\u00f6s kirkon j\u00e4senille"},"content":{"rendered":"\t\t<div data-elementor-type=\"wp-page\" data-elementor-id=\"14\" class=\"elementor elementor-14\" data-elementor-settings=\"[]\">\n\t\t\t\t\t\t\t<div class=\"elementor-section-wrap\">\n\t\t\t\t\t\t\t<section class=\"elementor-section elementor-top-section elementor-element elementor-element-46055dbf elementor-section-full_width elementor-section-height-default elementor-section-height-default\" data-id=\"46055dbf\" data-element_type=\"section\">\n\t\t\t\t\t\t<div class=\"elementor-container elementor-column-gap-default\">\n\t\t\t\t\t<div class=\"elementor-column elementor-col-100 elementor-top-column elementor-element elementor-element-34647bf6\" data-id=\"34647bf6\" data-element_type=\"column\">\n\t\t\t<div class=\"elementor-widget-wrap elementor-element-populated\">\n\t\t\t\t\t\t\t\t<div class=\"elementor-element elementor-element-478aa880 eael_simple_menu_hamburger_disable_selected_menu_no eael-simple-menu-hamburger-align-eael-simple-menu-hamburger-align-right elementor-widget elementor-widget-eael-simple-menu\" data-id=\"478aa880\" data-element_type=\"widget\" data-widget_type=\"eael-simple-menu.default\">\n\t\t\t\t<div class=\"elementor-widget-container\">\n\t\t\t<div data-indicator-class=\"fas fa-angle-down\" data-dropdown-indicator-class=\"fas fa-angle-down\" class=\"eael-simple-menu-container eael-simple-menu-align-right eael-simple-menu-dropdown-align-left preset-1\"><ul id=\"menu-paavalikko\" class=\"eael-simple-menu eael-simple-menu-dropdown-animate-to-top eael-simple-menu-indicator eael-simple-menu-horizontal\"><li id=\"menu-item-63\" class=\"menu-item menu-item-type-post_type menu-item-object-page menu-item-home menu-item-63\"><a href=\"https:\/\/et-opetus.fi\/kansalaisaloite\/\">Etusivu<\/a><\/li>\n<li id=\"menu-item-64\" class=\"menu-item menu-item-type-post_type menu-item-object-page menu-item-64\"><a href=\"https:\/\/et-opetus.fi\/kansalaisaloite\/lisatietoja\/\">Lis\u00e4tietoja<\/a><\/li>\n<li id=\"menu-item-108\" class=\"menu-item menu-item-type-post_type menu-item-object-page menu-item-108\"><a href=\"https:\/\/et-opetus.fi\/kansalaisaloite\/svenska\/\">P\u00e5 svenska<\/a><\/li>\n<li id=\"menu-item-148\" class=\"menu-item menu-item-type-custom menu-item-object-custom menu-item-148\"><a href=\"https:\/\/et-opetus.fi\/kansalaisaloite\/lisatietoja\/#MITEN-VOIN-AUTTAA\">Ole mukana<\/a><\/li>\n<\/ul><\/div>\t\t<\/div>\n\t\t\t\t<\/div>\n\t\t\t\t\t<\/div>\n\t\t<\/div>\n\t\t\t\t\t\t\t<\/div>\n\t\t<\/section>\n\t\t\t\t<section class=\"elementor-section elementor-top-section elementor-element elementor-element-8fec547 elementor-section-full_width elementor-section-height-full elementor-section-height-default elementor-section-items-middle\" data-id=\"8fec547\" data-element_type=\"section\" data-settings=\"{&quot;background_background&quot;:&quot;classic&quot;}\">\n\t\t\t\t\t\t<div class=\"elementor-container elementor-column-gap-default\">\n\t\t\t\t\t<div class=\"elementor-column elementor-col-100 elementor-top-column elementor-element elementor-element-4e8c26d\" data-id=\"4e8c26d\" data-element_type=\"column\">\n\t\t\t<div class=\"elementor-widget-wrap elementor-element-populated\">\n\t\t\t\t\t\t\t\t<div class=\"elementor-element elementor-element-89bf76e elementor-hidden-desktop elementor-widget elementor-widget-heading\" data-id=\"89bf76e\" data-element_type=\"widget\" data-widget_type=\"heading.default\">\n\t\t\t\t<div class=\"elementor-widget-container\">\n\t\t\t<h1 class=\"elementor-heading-title elementor-size-xl\">El\u00e4m\u00e4n&shy;katsomus&shy;tieto<br>sallittava kaikille<\/h1>\t\t<\/div>\n\t\t\t\t<\/div>\n\t\t\t\t<div class=\"elementor-element elementor-element-c9dbe4b elementor-hidden-tablet elementor-hidden-phone elementor-widget elementor-widget-heading\" data-id=\"c9dbe4b\" data-element_type=\"widget\" data-widget_type=\"heading.default\">\n\t\t\t\t<div class=\"elementor-widget-container\">\n\t\t\t<h1 class=\"elementor-heading-title elementor-size-xxl\">El\u00e4m\u00e4nkatsomustieto<br>sallittava kaikille<\/h1>\t\t<\/div>\n\t\t\t\t<\/div>\n\t\t\t\t<div class=\"elementor-element elementor-element-5190d89 elementor-widget elementor-widget-spacer\" data-id=\"5190d89\" data-element_type=\"widget\" data-widget_type=\"spacer.default\">\n\t\t\t\t<div class=\"elementor-widget-container\">\n\t\t\t\t\t<div class=\"elementor-spacer\">\n\t\t\t<div class=\"elementor-spacer-inner\"><\/div>\n\t\t<\/div>\n\t\t\t\t<\/div>\n\t\t\t\t<\/div>\n\t\t\t\t<div class=\"elementor-element elementor-element-9fa315c elementor-hidden-tablet elementor-hidden-phone elementor-widget elementor-widget-heading\" data-id=\"9fa315c\" data-element_type=\"widget\" data-widget_type=\"heading.default\">\n\t\t\t\t<div class=\"elementor-widget-container\">\n\t\t\t<h1 class=\"elementor-heading-title elementor-size-xxl\"><a href=\"https:\/\/www.kansalaisaloite.fi\/fi\/aloite\/8860\">allekirjoita<br>kansalaisaloite<\/a><\/h1>\t\t<\/div>\n\t\t\t\t<\/div>\n\t\t\t\t<div class=\"elementor-element elementor-element-9b361c0 elementor-hidden-desktop elementor-widget elementor-widget-heading\" data-id=\"9b361c0\" data-element_type=\"widget\" data-widget_type=\"heading.default\">\n\t\t\t\t<div class=\"elementor-widget-container\">\n\t\t\t<h1 class=\"elementor-heading-title elementor-size-xl\"><a href=\"https:\/\/www.kansalaisaloite.fi\/fi\/aloite\/8860\">allekirjoita<br>kansalais&shy;aloite<\/a><\/h1>\t\t<\/div>\n\t\t\t\t<\/div>\n\t\t\t\t\t<\/div>\n\t\t<\/div>\n\t\t\t\t\t\t\t<\/div>\n\t\t<\/section>\n\t\t\t\t<section class=\"elementor-section elementor-top-section elementor-element elementor-element-929b069 elementor-section-boxed elementor-section-height-default elementor-section-height-default\" data-id=\"929b069\" data-element_type=\"section\">\n\t\t\t\t\t\t<div class=\"elementor-container elementor-column-gap-default\">\n\t\t\t\t\t<div class=\"elementor-column elementor-col-100 elementor-top-column elementor-element elementor-element-65aaaea\" data-id=\"65aaaea\" data-element_type=\"column\">\n\t\t\t<div class=\"elementor-widget-wrap elementor-element-populated\">\n\t\t\t\t\t\t\t\t<div class=\"elementor-element elementor-element-e930503 elementor-widget elementor-widget-text-editor\" data-id=\"e930503\" data-element_type=\"widget\" data-widget_type=\"text-editor.default\">\n\t\t\t\t<div class=\"elementor-widget-container\">\n\t\t\t\t\t\t\t<p>\u00a0<\/p><h2><strong>Kansalaisaloite<\/strong><\/h2><p><strong>\u00a0<\/strong><\/p><p><strong>El\u00e4m\u00e4nkatsomustiedon opiskelu sallittava kaikille<br \/><\/strong><em>Ehdotus lainvalmisteluun ryhtymisest\u00e4<\/em><\/p><p><strong>\u00a0<\/strong><\/p><p><strong>Aloitteen sis\u00e4lt\u00f6<\/strong><br \/>Kansalaisaloitteen tavoite on sallia el\u00e4m\u00e4nkatsomustiedon opiskeleminen kaikille peruskoulussa ja lukiossa. Nykyinen laki est\u00e4\u00e4 el\u00e4m\u00e4nkatsomustiedon opiskelun alle 18-vuotiailta evankelisluterilaisen ja ortodoksisen kirkon j\u00e4senilt\u00e4. Peruskoulu- ja lukiolain muutoksilla el\u00e4m\u00e4nkatsomustieto katsomusaineena avataan kaikkien ulottuville.<\/p><p>\u00a0<\/p><p>Muutoksen j\u00e4lkeenkin huoltajat valitsisivat peruskoulun oppilaan katsomusaineen, ja lukiossa valinnan tekisi nuori itse.<\/p><p><strong>\u00a0<\/strong><\/p><p><strong>Perustelut<\/strong><\/p><p>Lakimuutos korjaisi oudon ep\u00e4symmetrian: t\u00e4ll\u00e4 hetkell\u00e4 uskontokuntiin kuulumattomat voivat osallistua joko uskonnon tai el\u00e4m\u00e4nkatsomustiedon opetukseen, mutta kirkon j\u00e4senet eiv\u00e4t saa opiskella el\u00e4m\u00e4nkatsomustietoa. Kysymys on oppilaiden ja opiskelijoiden yhdenvertaisuudesta.<\/p><p>\u00a0<\/p><p>Muun muassa lapsiasiainvaltuutettu on kiinnitt\u00e4nyt huomiota nykylain ongelmiin. \u201dS\u00e4\u00e4ntely on yhdenvertaisuutta loukkaavaa ja lasten oikeuksien sopimuksen 2. artiklan vastainen\u201d, todetaan lapsiasiainvaltuutetun nelivuotiskertomuksessa eduskunnalle 2018.<\/p><p>\u00a0<\/p><p>Nykymallia ovat kritisoineet my\u00f6s esimerkiksi Kuntaliitto, Lukiolaisten liitto ja yhdenvertaisuusvaltuutetun toimisto.<\/p><p>\u00a0<\/p><p>Lain muuttaminen saa laajaa tukea. Taloustutkimuksen elokuussa 2020 toteuttamassa mielipidekyselyss\u00e4 el\u00e4m\u00e4nkatsomustiedon avaamista kaikille mahdolliseksi katsomusaineeksi kannatti 79 prosenttia vastaajista. Nuorista sit\u00e4 kannatti 86 prosenttia. Samoin sit\u00e4 kannatti enemmist\u00f6 kaikkien puolueiden kannattajista KD:t\u00e4 lukuun ottamatta.<\/p><p>\u00a0<\/p><p>Lain korjaamista ei kuitenkaan ole kirjattu hallitusohjelmaan, ja asian voi saada eduskunnan k\u00e4sittelyyn vain kansalaisaloitteen avulla.<\/p><p>\u00a0<\/p><p>Tarvittavat korjaukset peruskoulu- ja lukiolakeihin ovat muodollisesti pieni\u00e4 ja lakiteknisesti helppoja. Muutos voidaan toteuttaa nopeasti, sill\u00e4 ehdotettu uudistus ei edellyt\u00e4 muutoksia oppiaine- tai tuntijakoon, eik\u00e4 valtakunnallisia opetussuunnitelmiakaan tarvitse muuttaa. Nykyiset oppimateriaalitkin k\u00e4yv\u00e4t.<\/p><p>\u00a0<\/p><p>Uudistuksen kustannusvaikutus on v\u00e4h\u00e4inen. El\u00e4m\u00e4nkatsomustiedon oppilaiden m\u00e4\u00e4r\u00e4 todenn\u00e4k\u00f6isesti hieman kasvaisi, mutta opetusryhmien kokojen tasoittuminen eri katsomusaineiden v\u00e4lill\u00e4 ei juuri toisi uusia kustannuksia.<\/p><p>\u00a0<\/p><p>\u00a0<\/p>\t\t\t\t\t\t<\/div>\n\t\t\t\t<\/div>\n\t\t\t\t<div class=\"elementor-element elementor-element-5b997a1 elementor-align-center elementor-widget elementor-widget-button\" data-id=\"5b997a1\" data-element_type=\"widget\" data-widget_type=\"button.default\">\n\t\t\t\t<div class=\"elementor-widget-container\">\n\t\t\t\t\t<div class=\"elementor-button-wrapper\">\n\t\t\t<a href=\"https:\/\/www.kansalaisaloite.fi\/fi\/aloite\/8860\" class=\"elementor-button-link elementor-button elementor-size-lg\" role=\"button\">\n\t\t\t\t\t\t<span class=\"elementor-button-content-wrapper\">\n\t\t\t\t\t\t<span class=\"elementor-button-icon elementor-align-icon-right\">\n\t\t\t\t<i aria-hidden=\"true\" class=\"fas fa-pencil-alt\"><\/i>\t\t\t<\/span>\n\t\t\t\t\t\t<span class=\"elementor-button-text\">Allekirjoita kansalaisaloite<\/span>\n\t\t<\/span>\n\t\t\t\t\t<\/a>\n\t\t<\/div>\n\t\t\t\t<\/div>\n\t\t\t\t<\/div>\n\t\t\t\t\t<\/div>\n\t\t<\/div>\n\t\t\t\t\t\t\t<\/div>\n\t\t<\/section>\n\t\t\t\t<section class=\"elementor-section elementor-top-section elementor-element elementor-element-c7b599b elementor-section-boxed elementor-section-height-default elementor-section-height-default\" data-id=\"c7b599b\" data-element_type=\"section\">\n\t\t\t\t\t\t<div class=\"elementor-container elementor-column-gap-default\">\n\t\t\t\t\t<div class=\"elementor-column elementor-col-100 elementor-top-column elementor-element elementor-element-c40ae85\" data-id=\"c40ae85\" data-element_type=\"column\">\n\t\t\t<div class=\"elementor-widget-wrap elementor-element-populated\">\n\t\t\t\t\t\t\t\t<div class=\"elementor-element elementor-element-881a871 elementor-widget elementor-widget-html\" data-id=\"881a871\" data-element_type=\"widget\" data-widget_type=\"html.default\">\n\t\t\t\t<div class=\"elementor-widget-container\">\n\t\t\t<iframe loading=\"lazy\" id=\"kansalaisaloite-leijuke\" frameborder=\"0\" scrolling=\"no\" src=\"https:\/\/www.kansalaisaloite.fi\/iframe\/fi\/8860?showTitle=true\" width=\"600\" height=\"400\"> <\/iframe>\t\t<\/div>\n\t\t\t\t<\/div>\n\t\t\t\t\t<\/div>\n\t\t<\/div>\n\t\t\t\t\t\t\t<\/div>\n\t\t<\/section>\n\t\t\t\t<section class=\"elementor-section elementor-top-section elementor-element elementor-element-dc8f82e elementor-section-boxed elementor-section-height-default elementor-section-height-default\" data-id=\"dc8f82e\" data-element_type=\"section\">\n\t\t\t\t\t\t<div class=\"elementor-container elementor-column-gap-default\">\n\t\t\t\t\t<div class=\"elementor-column elementor-col-100 elementor-top-column elementor-element elementor-element-cba0366\" data-id=\"cba0366\" data-element_type=\"column\">\n\t\t\t<div class=\"elementor-widget-wrap elementor-element-populated\">\n\t\t\t\t\t\t\t\t<div class=\"elementor-element elementor-element-9fe2951 elementor-widget elementor-widget-image\" data-id=\"9fe2951\" data-element_type=\"widget\" data-widget_type=\"image.default\">\n\t\t\t\t<div class=\"elementor-widget-container\">\n\t\t\t\t\t\t\t\t\t\t\t\t\t\t\t\t<a href=\"\/\/is.gd\/etvapaaksi\">\n\t\t\t\t\t\t\t<img loading=\"lazy\" decoding=\"async\" width=\"750\" height=\"401\" src=\"https:\/\/et-opetus.fi\/kansalaisaloite\/wp-content\/uploads\/2021\/09\/QR-koodi-MV-1024x548.png\" class=\"attachment-large size-large\" alt=\"\" style=\"width:100%;height:53.54%;max-width:2361px\" \/>\t\t\t\t\t\t\t\t<\/a>\n\t\t\t\t\t\t\t\t\t\t\t\t\t\t\t<\/div>\n\t\t\t\t<\/div>\n\t\t\t\t<div class=\"elementor-element elementor-element-d73ffba elementor-widget elementor-widget-heading\" data-id=\"d73ffba\" data-element_type=\"widget\" data-widget_type=\"heading.default\">\n\t\t\t\t<div class=\"elementor-widget-container\">\n\t\t\t<p class=\"elementor-heading-title elementor-size-default\">N\u00e4ill\u00e4 nappuloilla  voit ladata tulostettavan pdf:n QR-koodillisesta lappusesta.<\/p>\t\t<\/div>\n\t\t\t\t<\/div>\n\t\t\t\t\t<\/div>\n\t\t<\/div>\n\t\t\t\t\t\t\t<\/div>\n\t\t<\/section>\n\t\t\t\t<section class=\"elementor-section elementor-top-section elementor-element elementor-element-48ea7aa elementor-section-boxed elementor-section-height-default elementor-section-height-default\" data-id=\"48ea7aa\" data-element_type=\"section\">\n\t\t\t\t\t\t<div class=\"elementor-container elementor-column-gap-default\">\n\t\t\t\t\t<div class=\"elementor-column elementor-col-50 elementor-top-column elementor-element elementor-element-e7d6c12\" data-id=\"e7d6c12\" data-element_type=\"column\">\n\t\t\t<div class=\"elementor-widget-wrap elementor-element-populated\">\n\t\t\t\t\t\t\t\t<div class=\"elementor-element elementor-element-405f470 elementor-align-center elementor-widget elementor-widget-button\" data-id=\"405f470\" data-element_type=\"widget\" data-widget_type=\"button.default\">\n\t\t\t\t<div class=\"elementor-widget-container\">\n\t\t\t\t\t<div class=\"elementor-button-wrapper\">\n\t\t\t<a href=\"https:\/\/et-opetus.fi\/kansalaisaloite\/wp-content\/uploads\/2021\/09\/QR-koodi-MV-2-kpl.pdf\" class=\"elementor-button-link elementor-button elementor-size-sm\" role=\"button\">\n\t\t\t\t\t\t<span class=\"elementor-button-content-wrapper\">\n\t\t\t\t\t\t<span class=\"elementor-button-text\">2 kpl A5 aseteltuna A4-arkille<\/span>\n\t\t<\/span>\n\t\t\t\t\t<\/a>\n\t\t<\/div>\n\t\t\t\t<\/div>\n\t\t\t\t<\/div>\n\t\t\t\t\t<\/div>\n\t\t<\/div>\n\t\t\t\t<div class=\"elementor-column elementor-col-50 elementor-top-column elementor-element elementor-element-817a3e5\" data-id=\"817a3e5\" data-element_type=\"column\">\n\t\t\t<div class=\"elementor-widget-wrap elementor-element-populated\">\n\t\t\t\t\t\t\t\t<div class=\"elementor-element elementor-element-95834b7 elementor-align-center elementor-widget elementor-widget-button\" data-id=\"95834b7\" data-element_type=\"widget\" data-widget_type=\"button.default\">\n\t\t\t\t<div class=\"elementor-widget-container\">\n\t\t\t\t\t<div class=\"elementor-button-wrapper\">\n\t\t\t<a href=\"https:\/\/et-opetus.fi\/kansalaisaloite\/wp-content\/uploads\/2021\/09\/QR-koodi-MV-10kpl.pdf\" class=\"elementor-button-link elementor-button elementor-size-sm\" role=\"button\">\n\t\t\t\t\t\t<span class=\"elementor-button-content-wrapper\">\n\t\t\t\t\t\t<span class=\"elementor-button-text\">10 kpl 10x6cm aseteltuna A4-arkille<\/span>\n\t\t<\/span>\n\t\t\t\t\t<\/a>\n\t\t<\/div>\n\t\t\t\t<\/div>\n\t\t\t\t<\/div>\n\t\t\t\t\t<\/div>\n\t\t<\/div>\n\t\t\t\t\t\t\t<\/div>\n\t\t<\/section>\n\t\t\t\t\t\t<\/div>\n\t\t\t\t\t<\/div>\n\t\t","protected":false},"excerpt":{"rendered":"<p>Etusivu Lis\u00e4tietoja P\u00e5 svenska El\u00e4m\u00e4n&shy;katsomus&shy;tietosallittava kaikille El\u00e4m\u00e4nkatsomustietosallittava kaikille allekirjoitakansalaisaloite allekirjoitakansalais&shy;aloite \u00a0 Kansalaisaloite \u00a0 El\u00e4m\u00e4nkatsomustiedon opiskelu sallittava kaikilleEhdotus lainvalmisteluun ryhtymisest\u00e4 \u00a0 Aloitteen sis\u00e4lt\u00f6Kansalaisaloitteen tavoite on sallia el\u00e4m\u00e4nkatsomustiedon opiskeleminen kaikille peruskoulussa ja lukiossa. Nykyinen laki est\u00e4\u00e4 el\u00e4m\u00e4nkatsomustiedon opiskelun alle 18-vuotiailta evankelisluterilaisen ja ortodoksisen kirkon j\u00e4senilt\u00e4. Peruskoulu- ja lukiolain muutoksilla el\u00e4m\u00e4nkatsomustieto katsomusaineena avataan kaikkien ulottuville. \u00a0 Muutoksen j\u00e4lkeenkin&hellip; <a class=\"more-link\" href=\"https:\/\/et-opetus.fi\/kansalaisaloite\/\">Jatka lukemista <span class=\"screen-reader-text\">Kansalaisaloite el\u00e4m\u00e4nkatsomustiedon opiskelun sallimiseksi my\u00f6s kirkon j\u00e4senille<\/span><\/a><\/p>\n","protected":false},"author":4,"featured_media":20,"parent":0,"menu_order":0,"comment_status":"closed","ping_status":"closed","template":"elementor_canvas","meta":{"footnotes":""},"yoast_head":"<!-- This site is optimized with the Yoast SEO plugin v17.0 - https:\/\/yoast.com\/wordpress\/plugins\/seo\/ -->\n<title>Kansalaisaloite el\u00e4m\u00e4nkatsomustiedon opiskelun sallimiseksi my\u00f6s kirkon j\u00e4senille - ET-opetus sallittava<\/title>\n<meta name=\"description\" content=\"El\u00e4m\u00e4nkatsomustiedon opiskelu on sallittava kaikille peruskoulussa ja lukiossa. Nykyinen laki est\u00e4\u00e4 t\u00e4m\u00e4n alle 18-vuotiailta valtionkirkkojen j\u00e4senilt\u00e4...\" \/>\n<meta name=\"robots\" content=\"index, follow, max-snippet:-1, max-image-preview:large, max-video-preview:-1\" \/>\n<link rel=\"canonical\" href=\"https:\/\/et-opetus.fi\/kansalaisaloite\/\" \/>\n<meta property=\"og:locale\" content=\"fi_FI\" \/>\n<meta property=\"og:type\" content=\"article\" \/>\n<meta property=\"og:title\" content=\"Kansalaisaloite el\u00e4m\u00e4nkatsomustiedon opiskelun sallimiseksi my\u00f6s kirkon j\u00e4senille - ET-opetus sallittava\" \/>\n<meta property=\"og:description\" content=\"El\u00e4m\u00e4nkatsomustiedon opiskelu on sallittava kaikille peruskoulussa ja lukiossa. Nykyinen laki est\u00e4\u00e4 t\u00e4m\u00e4n alle 18-vuotiailta valtionkirkkojen j\u00e4senilt\u00e4...\" \/>\n<meta property=\"og:url\" content=\"https:\/\/et-opetus.fi\/kansalaisaloite\/\" \/>\n<meta property=\"og:site_name\" content=\"ET-opetus sallittava\" \/>\n<meta property=\"article:modified_time\" content=\"2021-09-27T10:40:45+00:00\" \/>\n<meta property=\"og:image\" content=\"https:\/\/et-opetus.fi\/kansalaisaloite\/wp-content\/uploads\/2021\/08\/ben-white-qDY9ahp0Mto-unsplash-scaled.jpg\" \/>\n\t<meta property=\"og:image:width\" content=\"2560\" \/>\n\t<meta property=\"og:image:height\" content=\"1709\" \/>\n<meta name=\"twitter:card\" content=\"summary_large_image\" \/>\n<meta name=\"twitter:label1\" content=\"Arvioitu lukuaika\" \/>\n\t<meta name=\"twitter:data1\" content=\"2 minuuttia\" \/>\n<script type=\"application\/ld+json\" class=\"yoast-schema-graph\">{\"@context\":\"https:\/\/schema.org\",\"@graph\":[{\"@type\":\"WebSite\",\"@id\":\"https:\/\/et-opetus.fi\/kansalaisaloite\/#website\",\"url\":\"https:\/\/et-opetus.fi\/kansalaisaloite\/\",\"name\":\"ET-opetus sallittava\",\"description\":\"Kansalaisaloite ET:n sallimiseksi my\\u00f6s kirkon j\\u00e4senille\",\"potentialAction\":[{\"@type\":\"SearchAction\",\"target\":{\"@type\":\"EntryPoint\",\"urlTemplate\":\"https:\/\/et-opetus.fi\/kansalaisaloite\/?s={search_term_string}\"},\"query-input\":\"required name=search_term_string\"}],\"inLanguage\":\"fi\"},{\"@type\":\"ImageObject\",\"@id\":\"https:\/\/et-opetus.fi\/kansalaisaloite\/#primaryimage\",\"inLanguage\":\"fi\",\"url\":\"https:\/\/et-opetus.fi\/kansalaisaloite\/wp-content\/uploads\/2021\/08\/ben-white-qDY9ahp0Mto-unsplash-scaled.jpg\",\"contentUrl\":\"https:\/\/et-opetus.fi\/kansalaisaloite\/wp-content\/uploads\/2021\/08\/ben-white-qDY9ahp0Mto-unsplash-scaled.jpg\",\"width\":2560,\"height\":1709},{\"@type\":\"WebPage\",\"@id\":\"https:\/\/et-opetus.fi\/kansalaisaloite\/#webpage\",\"url\":\"https:\/\/et-opetus.fi\/kansalaisaloite\/\",\"name\":\"Kansalaisaloite el\\u00e4m\\u00e4nkatsomustiedon opiskelun sallimiseksi my\\u00f6s kirkon j\\u00e4senille - ET-opetus sallittava\",\"isPartOf\":{\"@id\":\"https:\/\/et-opetus.fi\/kansalaisaloite\/#website\"},\"primaryImageOfPage\":{\"@id\":\"https:\/\/et-opetus.fi\/kansalaisaloite\/#primaryimage\"},\"datePublished\":\"2021-08-06T10:46:17+00:00\",\"dateModified\":\"2021-09-27T10:40:45+00:00\",\"description\":\"El\\u00e4m\\u00e4nkatsomustiedon opiskelu on sallittava kaikille peruskoulussa ja lukiossa. Nykyinen laki est\\u00e4\\u00e4 t\\u00e4m\\u00e4n alle 18-vuotiailta valtionkirkkojen j\\u00e4senilt\\u00e4...\",\"breadcrumb\":{\"@id\":\"https:\/\/et-opetus.fi\/kansalaisaloite\/#breadcrumb\"},\"inLanguage\":\"fi\",\"potentialAction\":[{\"@type\":\"ReadAction\",\"target\":[\"https:\/\/et-opetus.fi\/kansalaisaloite\/\"]}]},{\"@type\":\"BreadcrumbList\",\"@id\":\"https:\/\/et-opetus.fi\/kansalaisaloite\/#breadcrumb\",\"itemListElement\":[{\"@type\":\"ListItem\",\"position\":1,\"name\":\"Etusivu\",\"item\":\"https:\/\/et-opetus.fi\/kansalaisaloite\/\"},{\"@type\":\"ListItem\",\"position\":2,\"name\":\"Kansalaisaloite el\\u00e4m\\u00e4nkatsomustiedon opiskelun sallimiseksi my\\u00f6s kirkon j\\u00e4senille\"}]}]}<\/script>\n<!-- \/ Yoast SEO plugin. -->","yoast_head_json":{"title":"Kansalaisaloite el\u00e4m\u00e4nkatsomustiedon opiskelun sallimiseksi my\u00f6s kirkon j\u00e4senille - ET-opetus sallittava","description":"El\u00e4m\u00e4nkatsomustiedon opiskelu on sallittava kaikille peruskoulussa ja lukiossa. Nykyinen laki est\u00e4\u00e4 t\u00e4m\u00e4n alle 18-vuotiailta valtionkirkkojen j\u00e4senilt\u00e4...","robots":{"index":"index","follow":"follow","max-snippet":"max-snippet:-1","max-image-preview":"max-image-preview:large","max-video-preview":"max-video-preview:-1"},"canonical":"https:\/\/et-opetus.fi\/kansalaisaloite\/","og_locale":"fi_FI","og_type":"article","og_title":"Kansalaisaloite el\u00e4m\u00e4nkatsomustiedon opiskelun sallimiseksi my\u00f6s kirkon j\u00e4senille - ET-opetus sallittava","og_description":"El\u00e4m\u00e4nkatsomustiedon opiskelu on sallittava kaikille peruskoulussa ja lukiossa. Nykyinen laki est\u00e4\u00e4 t\u00e4m\u00e4n alle 18-vuotiailta valtionkirkkojen j\u00e4senilt\u00e4...","og_url":"https:\/\/et-opetus.fi\/kansalaisaloite\/","og_site_name":"ET-opetus sallittava","article_modified_time":"2021-09-27T10:40:45+00:00","og_image":[{"width":2560,"height":1709,"url":"https:\/\/et-opetus.fi\/kansalaisaloite\/wp-content\/uploads\/2021\/08\/ben-white-qDY9ahp0Mto-unsplash-scaled.jpg","path":"\/www\/etaloite\/wordpress\/wp-content\/uploads\/2021\/08\/ben-white-qDY9ahp0Mto-unsplash-scaled.jpg","size":"full","id":20,"alt":"","pixels":4375040,"type":"image\/jpeg"}],"twitter_card":"summary_large_image","twitter_misc":{"Arvioitu lukuaika":"2 minuuttia"},"schema":{"@context":"https:\/\/schema.org","@graph":[{"@type":"WebSite","@id":"https:\/\/et-opetus.fi\/kansalaisaloite\/#website","url":"https:\/\/et-opetus.fi\/kansalaisaloite\/","name":"ET-opetus sallittava","description":"Kansalaisaloite ET:n sallimiseksi my\u00f6s kirkon j\u00e4senille","potentialAction":[{"@type":"SearchAction","target":{"@type":"EntryPoint","urlTemplate":"https:\/\/et-opetus.fi\/kansalaisaloite\/?s={search_term_string}"},"query-input":"required name=search_term_string"}],"inLanguage":"fi"},{"@type":"ImageObject","@id":"https:\/\/et-opetus.fi\/kansalaisaloite\/#primaryimage","inLanguage":"fi","url":"https:\/\/et-opetus.fi\/kansalaisaloite\/wp-content\/uploads\/2021\/08\/ben-white-qDY9ahp0Mto-unsplash-scaled.jpg","contentUrl":"https:\/\/et-opetus.fi\/kansalaisaloite\/wp-content\/uploads\/2021\/08\/ben-white-qDY9ahp0Mto-unsplash-scaled.jpg","width":2560,"height":1709},{"@type":"WebPage","@id":"https:\/\/et-opetus.fi\/kansalaisaloite\/#webpage","url":"https:\/\/et-opetus.fi\/kansalaisaloite\/","name":"Kansalaisaloite el\u00e4m\u00e4nkatsomustiedon opiskelun sallimiseksi my\u00f6s kirkon j\u00e4senille - ET-opetus sallittava","isPartOf":{"@id":"https:\/\/et-opetus.fi\/kansalaisaloite\/#website"},"primaryImageOfPage":{"@id":"https:\/\/et-opetus.fi\/kansalaisaloite\/#primaryimage"},"datePublished":"2021-08-06T10:46:17+00:00","dateModified":"2021-09-27T10:40:45+00:00","description":"El\u00e4m\u00e4nkatsomustiedon opiskelu on sallittava kaikille peruskoulussa ja lukiossa. Nykyinen laki est\u00e4\u00e4 t\u00e4m\u00e4n alle 18-vuotiailta valtionkirkkojen j\u00e4senilt\u00e4...","breadcrumb":{"@id":"https:\/\/et-opetus.fi\/kansalaisaloite\/#breadcrumb"},"inLanguage":"fi","potentialAction":[{"@type":"ReadAction","target":["https:\/\/et-opetus.fi\/kansalaisaloite\/"]}]},{"@type":"BreadcrumbList","@id":"https:\/\/et-opetus.fi\/kansalaisaloite\/#breadcrumb","itemListElement":[{"@type":"ListItem","position":1,"name":"Etusivu","item":"https:\/\/et-opetus.fi\/kansalaisaloite\/"},{"@type":"ListItem","position":2,"name":"Kansalaisaloite el\u00e4m\u00e4nkatsomustiedon opiskelun sallimiseksi my\u00f6s kirkon j\u00e4senille"}]}]}},"_links":{"self":[{"href":"https:\/\/et-opetus.fi\/kansalaisaloite\/wp-json\/wp\/v2\/pages\/14"}],"collection":[{"href":"https:\/\/et-opetus.fi\/kansalaisaloite\/wp-json\/wp\/v2\/pages"}],"about":[{"href":"https:\/\/et-opetus.fi\/kansalaisaloite\/wp-json\/wp\/v2\/types\/page"}],"author":[{"embeddable":true,"href":"https:\/\/et-opetus.fi\/kansalaisaloite\/wp-json\/wp\/v2\/users\/4"}],"replies":[{"embeddable":true,"href":"https:\/\/et-opetus.fi\/kansalaisaloite\/wp-json\/wp\/v2\/comments?post=14"}],"version-history":[{"count":53,"href":"https:\/\/et-opetus.fi\/kansalaisaloite\/wp-json\/wp\/v2\/pages\/14\/revisions"}],"predecessor-version":[{"id":143,"href":"https:\/\/et-opetus.fi\/kansalaisaloite\/wp-json\/wp\/v2\/pages\/14\/revisions\/143"}],"wp:featuredmedia":[{"embeddable":true,"href":"https:\/\/et-opetus.fi\/kansalaisaloite\/wp-json\/wp\/v2\/media\/20"}],"wp:attachment":[{"href":"https:\/\/et-opetus.fi\/kansalaisaloite\/wp-json\/wp\/v2\/media?parent=14"}],"curies":[{"name":"wp","href":"https:\/\/api.w.org\/{rel}","templated":true}]}}